{"id":432,"date":"2014-03-17T10:58:39","date_gmt":"2014-03-17T10:58:39","guid":{"rendered":"http:\/\/demo.themegrill.com\/spacious\/?page_id=7"},"modified":"2025-09-03T20:43:23","modified_gmt":"2025-09-03T20:43:23","slug":"inicio","status":"publish","type":"page","link":"https:\/\/petertaboada.cl\/","title":{"rendered":"Inicio"},"content":{"rendered":"\t\t<div data-elementor-type=\"wp-page\" data-elementor-id=\"432\" class=\"elementor elementor-432\">\n\t\t\t\t\t\t\t<div class=\"elementor-element elementor-element-2cc0ce3 e-container--row e-container\" data-id=\"2cc0ce3\" data-element_type=\"container\">\t\t<div class=\"elementor-element elementor-element-d773492 e-container--column e-container\" data-id=\"d773492\" data-element_type=\"container\">\t\t\t\t<div class=\"elementor-element elementor-element-a3b4163 elementor-invisible elementor-widget elementor-widget-heading\" data-id=\"a3b4163\" data-element_type=\"widget\" data-settings=\"{&quot;_animation&quot;:&quot;fadeInDown&quot;}\" data-widget_type=\"heading.default\">\n\t\t\t\t<div class=\"elementor-widget-container\">\n\t\t\t<style>\/*! elementor - v3.7.2 - 21-08-2022 *\/\n.elementor-heading-title{padding:0;margin:0;line-height:1}.elementor-widget-heading .elementor-heading-title[class*=elementor-size-]>a{color:inherit;font-size:inherit;line-height:inherit}.elementor-widget-heading .elementor-heading-title.elementor-size-small{font-size:15px}.elementor-widget-heading .elementor-heading-title.elementor-size-medium{font-size:19px}.elementor-widget-heading .elementor-heading-title.elementor-size-large{font-size:29px}.elementor-widget-heading .elementor-heading-title.elementor-size-xl{font-size:39px}.elementor-widget-heading .elementor-heading-title.elementor-size-xxl{font-size:59px}<\/style><h1 class=\"elementor-heading-title elementor-size-default\">Peter Taboada Chile<\/h1>\t\t<\/div>\n\t\t\t\t<\/div>\n\t\t<\/div><div class=\"elementor-element elementor-element-f66d970 e-container--column e-container\" data-id=\"f66d970\" data-element_type=\"container\">\t\t\t\t<div class=\"elementor-element elementor-element-f95da78 elementor-widget elementor-widget-text-editor\" data-id=\"f95da78\" data-element_type=\"widget\" data-widget_type=\"text-editor.default\">\n\t\t\t\t<div class=\"elementor-widget-container\">\n\t\t\t<style>\/*! elementor - v3.7.2 - 21-08-2022 *\/\n.elementor-widget-text-editor.elementor-drop-cap-view-stacked .elementor-drop-cap{background-color:#818a91;color:#fff}.elementor-widget-text-editor.elementor-drop-cap-view-framed .elementor-drop-cap{color:#818a91;border:3px solid;background-color:transparent}.elementor-widget-text-editor:not(.elementor-drop-cap-view-default) .elementor-drop-cap{margin-top:8px}.elementor-widget-text-editor:not(.elementor-drop-cap-view-default) .elementor-drop-cap-letter{width:1em;height:1em}.elementor-widget-text-editor .elementor-drop-cap{float:left;text-align:center;line-height:1;font-size:50px}.elementor-widget-text-editor .elementor-drop-cap-letter{display:inline-block}<\/style>\t\t\t\t<p><strong><span style=\"font-size: 16px;\">Peter Taboada es una empresa espa\u00f1ola especializada en el dise\u00f1o y fabricaci\u00f3n de sistemas de tratamiento y depuraci\u00f3n de agua para diferentes sectores: mar\u00edtimo, industrial, alimentario, sanitario, farmac\u00e9utico, hotelero, residencial,\u2026<br \/><\/span><span style=\"font-size: 16px;\">Desde nuestros inicios en 1979, hemos experimentado un crecimiento constante, ubic\u00e1ndonos como uno de los principales fabricantes del mercado, con presencia en m\u00e1s de 40 pa\u00edses.<\/span><\/strong><\/p><p>\u00a0<\/p><p>\u00a0<\/p>\t\t\t\t\t\t<\/div>\n\t\t\t\t<\/div>\n\t\t<\/div><\/div><div class=\"elementor-element elementor-element-faf01ee e-container--row e-container\" data-id=\"faf01ee\" data-element_type=\"container\">\t\t<div class=\"elementor-element elementor-element-8cf3b97 e-container--column e-container\" data-id=\"8cf3b97\" data-element_type=\"container\">\t\t\t\t<div class=\"elementor-element elementor-element-9072608 elementor-aspect-ratio-169 elementor-widget elementor-widget-video\" data-id=\"9072608\" data-element_type=\"widget\" data-settings=\"{&quot;youtube_url&quot;:&quot;https:\\\/\\\/youtu.be\\\/XTsTk5yAz0k&quot;,&quot;autoplay&quot;:&quot;yes&quot;,&quot;video_type&quot;:&quot;youtube&quot;,&quot;controls&quot;:&quot;yes&quot;,&quot;aspect_ratio&quot;:&quot;169&quot;}\" data-widget_type=\"video.default\">\n\t\t\t\t<div class=\"elementor-widget-container\">\n\t\t\t<style>\/*! elementor - v3.7.2 - 21-08-2022 *\/\n.elementor-widget-video .elementor-widget-container{overflow:hidden;-webkit-transform:translateZ(0);transform:translateZ(0)}.elementor-widget-video .elementor-open-inline .elementor-custom-embed-image-overlay{position:absolute;top:0;left:0;width:100%;height:100%;background-size:cover;background-position:50%}.elementor-widget-video .elementor-custom-embed-image-overlay{cursor:pointer;text-align:center}.elementor-widget-video .elementor-custom-embed-image-overlay:hover .elementor-custom-embed-play i{opacity:1}.elementor-widget-video .elementor-custom-embed-image-overlay img{display:block;width:100%}.elementor-widget-video .e-hosted-video .elementor-video{-o-object-fit:cover;object-fit:cover}.e-container>.elementor-widget-video{width:var(--container-widget-width,100%)}<\/style>\t\t<div class=\"elementor-wrapper elementor-fit-aspect-ratio elementor-open-inline\">\n\t\t\t<div class=\"elementor-video\"><\/div>\t\t<\/div>\n\t\t\t\t<\/div>\n\t\t\t\t<\/div>\n\t\t<\/div><div class=\"elementor-element elementor-element-43cd506 e-container--column e-container\" data-id=\"43cd506\" data-element_type=\"container\">\t\t\t\t<div class=\"elementor-element elementor-element-3722d8c elementor-invisible elementor-widget elementor-widget-heading\" data-id=\"3722d8c\" data-element_type=\"widget\" data-settings=\"{&quot;_animation&quot;:&quot;fadeInDown&quot;}\" data-widget_type=\"heading.default\">\n\t\t\t\t<div class=\"elementor-widget-container\">\n\t\t\t<h2 class=\"elementor-heading-title elementor-size-default\">DESALINIZACI\u00d3N Y\nPURIFICACI\u00d3N DE AGUA<\/h2>\t\t<\/div>\n\t\t\t\t<\/div>\n\t\t\t\t<div class=\"elementor-element elementor-element-2d2af8a elementor-invisible elementor-widget elementor-widget-text-editor\" data-id=\"2d2af8a\" data-element_type=\"widget\" data-settings=\"{&quot;_animation&quot;:&quot;fadeIn&quot;}\" data-widget_type=\"text-editor.default\">\n\t\t\t\t<div class=\"elementor-widget-container\">\n\t\t\t\t\t\t\t<div class=\"elementor-element elementor-element-21288c7 elementor-widget elementor-widget-heading\" data-id=\"21288c7\" data-element_type=\"widget\" data-widget_type=\"heading.default\"><div class=\"elementor-widget-container\"><p><span style=\"font-family: Lato, sans-serif; font-size: 16px; color: var( --e-global-color-text ); text-align: var(--text-align);\">Desde 1979, nuestra misi\u00f3n es el\u00a0\u00a0<\/span><strong style=\"font-family: Lato, sans-serif; font-size: 16px; color: var( --e-global-color-text ); text-align: var(--text-align);\">desarrollo de soluciones para la desalinizaci\u00f3n y depuraci\u00f3n de agua<\/strong><span style=\"font-family: Lato, sans-serif; font-size: 16px; color: var( --e-global-color-text ); text-align: var(--text-align);\">\u00a0.\u00a0Especializados en los\u00a0\u00a0<\/span><strong style=\"font-family: Lato, sans-serif; font-size: 16px; color: var( --e-global-color-text ); text-align: var(--text-align);\">sectores marino e industrial<\/strong><span style=\"font-family: Lato, sans-serif; font-size: 16px; color: var( --e-global-color-text ); text-align: var(--text-align);\">\u00a0, centramos nuestra actividad en el dise\u00f1o e implementaci\u00f3n de todas las aplicaciones necesarias para\u00a0<\/span><strong style=\"font-family: Lato, sans-serif; font-size: 16px; color: var( --e-global-color-text ); text-align: var(--text-align);\">el tratamiento de aguas<\/strong><span style=\"font-family: Lato, sans-serif; font-size: 16px; color: var( --e-global-color-text ); text-align: var(--text-align);\">\u00a0<\/span><\/p><\/div><\/div>\t\t\t\t\t\t<\/div>\n\t\t\t\t<\/div>\n\t\t<\/div><\/div><div class=\"elementor-element elementor-element-125c84b e-container--row e-container\" data-id=\"125c84b\" data-element_type=\"container\">\t\t<div class=\"elementor-element elementor-element-6fdd600 e-container--column e-container\" data-id=\"6fdd600\" data-element_type=\"container\">\t\t\t\t<div class=\"elementor-element elementor-element-bfb756a elementor-invisible elementor-widget elementor-widget-heading\" data-id=\"bfb756a\" data-element_type=\"widget\" data-settings=\"{&quot;_animation&quot;:&quot;fadeInDown&quot;}\" data-widget_type=\"heading.default\">\n\t\t\t\t<div class=\"elementor-widget-container\">\n\t\t\t<h2 class=\"elementor-heading-title elementor-size-default\">Calidad<\/h2>\t\t<\/div>\n\t\t\t\t<\/div>\n\t\t\t\t<div class=\"elementor-element elementor-element-496bf2a elementor-invisible elementor-widget elementor-widget-text-editor\" data-id=\"496bf2a\" data-element_type=\"widget\" data-settings=\"{&quot;_animation&quot;:&quot;fadeIn&quot;}\" data-widget_type=\"text-editor.default\">\n\t\t\t\t<div class=\"elementor-widget-container\">\n\t\t\t\t\t\t\t<p>PETER TABOADA desarrolla sistemas y equipos siguiendo los m\u00e1s estrictos controles de calidad y trabajando con las m\u00e1s exigentes normas internacionales de fabricaci\u00f3n y con el valor a\u00f1adido de ser una empresa que cuenta con el Certificado de Control de Calidad ISO9001 desde 2001.<\/p><p>Todos los sistemas creados son objeto de estudio y desarrollo permanente de acuerdo con nuestra filosof\u00eda de mejora continua que ha caracterizado a la empresa.<\/p>\t\t\t\t\t\t<\/div>\n\t\t\t\t<\/div>\n\t\t<\/div><div class=\"elementor-element elementor-element-d89d634 e-container--column e-container\" data-id=\"d89d634\" data-element_type=\"container\">\t\t\t\t<div class=\"elementor-element elementor-element-47d6b98 elementor-widget elementor-widget-image\" data-id=\"47d6b98\" data-element_type=\"widget\" data-widget_type=\"image.default\">\n\t\t\t\t<div class=\"elementor-widget-container\">\n\t\t\t<style>\/*! elementor - v3.7.2 - 21-08-2022 *\/\n.elementor-widget-image{text-align:center}.elementor-widget-image a{display:inline-block}.elementor-widget-image a img[src$=\".svg\"]{width:48px}.elementor-widget-image img{vertical-align:middle;display:inline-block}<\/style>\t\t\t\t\t\t\t\t\t\t\t\t<img loading=\"lazy\" decoding=\"async\" width=\"255\" height=\"233\" src=\"https:\/\/petertaboada.cl\/wp-content\/uploads\/2022\/09\/patents-peter-taboada-water-technologies.jpg\" class=\"attachment-large size-large\" alt=\"\" \/>\t\t\t\t\t\t\t\t\t\t\t\t\t\t\t<\/div>\n\t\t\t\t<\/div>\n\t\t<\/div><\/div><div class=\"elementor-element elementor-element-68937ef e-container--row e-container\" data-id=\"68937ef\" data-element_type=\"container\">\t\t\t\t<div class=\"elementor-element elementor-element-75550dd elementor-invisible elementor-widget elementor-widget-heading\" data-id=\"75550dd\" data-element_type=\"widget\" data-settings=\"{&quot;_animation&quot;:&quot;fadeInDown&quot;}\" data-widget_type=\"heading.default\">\n\t\t\t\t<div class=\"elementor-widget-container\">\n\t\t\t<h2 class=\"elementor-heading-title elementor-size-default\">Garant\u00eda y Postventa<\/h2>\t\t<\/div>\n\t\t\t\t<\/div>\n\t\t<\/div><div class=\"elementor-element elementor-element-52e0343 e-container--column e-container\" data-id=\"52e0343\" data-element_type=\"container\">\t\t\t\t<div class=\"elementor-element elementor-element-b2d7b8c elementor-invisible elementor-widget elementor-widget-text-editor\" data-id=\"b2d7b8c\" data-element_type=\"widget\" data-settings=\"{&quot;_animation&quot;:&quot;fadeIn&quot;}\" data-widget_type=\"text-editor.default\">\n\t\t\t\t<div class=\"elementor-widget-container\">\n\t\t\t\t\t\t\t<p><span>En PETER TABOADA nos esforzamos por ofrecer la m\u00e1xima calidad de servicio al cliente en todos nuestros productos. Esto se ve en el desempe\u00f1o del servicio.<\/span><br \/><span>Por ello los sistemas se prueban con la m\u00e1s alta tecnolog\u00eda, utilizando los m\u00e1s rigurosos controles de calidad y comprobando el correcto funcionamiento de todos los componentes, as\u00ed como del producto terminado.<\/span><\/p><p><span>Si surgiera alguna anomal\u00eda en nuestras m\u00e1quinas, nuestro objetivo es garantizar siempre la disponibilidad r\u00e1pida y profesional de nuestro servicio postventa.<\/span><\/p>\t\t\t\t\t\t<\/div>\n\t\t\t\t<\/div>\n\t\t<\/div><div class=\"elementor-element elementor-element-86d7313 e-container--column elementor-invisible e-container\" data-id=\"86d7313\" data-element_type=\"container\" data-settings=\"{&quot;animation&quot;:&quot;fadeIn&quot;}\">\t\t\t\t<div class=\"elementor-element elementor-element-a612bfd elementor-widget elementor-widget-image\" data-id=\"a612bfd\" data-element_type=\"widget\" data-widget_type=\"image.default\">\n\t\t\t\t<div class=\"elementor-widget-container\">\n\t\t\t\t\t\t\t\t\t\t\t\t\t\t\t<img loading=\"lazy\" decoding=\"async\" width=\"1400\" height=\"560\" src=\"https:\/\/petertaboada.cl\/wp-content\/uploads\/2022\/09\/calidad01.jpg\" class=\"attachment-1536x1536 size-1536x1536\" alt=\"\" srcset=\"https:\/\/petertaboada.cl\/wp-content\/uploads\/2022\/09\/calidad01.jpg 1400w, https:\/\/petertaboada.cl\/wp-content\/uploads\/2022\/09\/calidad01-300x120.jpg 300w, https:\/\/petertaboada.cl\/wp-content\/uploads\/2022\/09\/calidad01-1024x410.jpg 1024w, https:\/\/petertaboada.cl\/wp-content\/uploads\/2022\/09\/calidad01-768x307.jpg 768w\" sizes=\"auto, (max-width: 1400px) 100vw, 1400px\" \/>\t\t\t\t\t\t\t\t\t\t\t\t\t\t\t<\/div>\n\t\t\t\t<\/div>\n\t\t<\/div><div class=\"elementor-element elementor-element-b30d3b0 e-container--column elementor-invisible e-container\" data-id=\"b30d3b0\" data-element_type=\"container\" data-settings=\"{&quot;animation&quot;:&quot;fadeIn&quot;}\">\t\t\t\t<div class=\"elementor-element elementor-element-cd74b08 elementor-widget elementor-widget-image\" data-id=\"cd74b08\" data-element_type=\"widget\" data-widget_type=\"image.default\">\n\t\t\t\t<div class=\"elementor-widget-container\">\n\t\t\t\t\t\t\t\t\t\t\t\t\t\t\t<img loading=\"lazy\" decoding=\"async\" width=\"1400\" height=\"560\" src=\"https:\/\/petertaboada.cl\/wp-content\/uploads\/2022\/09\/calidad02.jpg\" class=\"attachment-1536x1536 size-1536x1536\" alt=\"\" srcset=\"https:\/\/petertaboada.cl\/wp-content\/uploads\/2022\/09\/calidad02.jpg 1400w, https:\/\/petertaboada.cl\/wp-content\/uploads\/2022\/09\/calidad02-300x120.jpg 300w, https:\/\/petertaboada.cl\/wp-content\/uploads\/2022\/09\/calidad02-1024x410.jpg 1024w, https:\/\/petertaboada.cl\/wp-content\/uploads\/2022\/09\/calidad02-768x307.jpg 768w\" sizes=\"auto, (max-width: 1400px) 100vw, 1400px\" \/>\t\t\t\t\t\t\t\t\t\t\t\t\t\t\t<\/div>\n\t\t\t\t<\/div>\n\t\t<\/div><div class=\"elementor-element elementor-element-affc238 e-container--column e-container\" data-id=\"affc238\" data-element_type=\"container\">\t\t\t\t<div class=\"elementor-element elementor-element-a3c3734 elementor-widget__width-inherit elementor-widget elementor-widget-html\" data-id=\"a3c3734\" data-element_type=\"widget\" data-widget_type=\"html.default\">\n\t\t\t\t<div class=\"elementor-widget-container\">\n\t\t\t<div class=\"tagembed-widget\" style=\"width:100%;height:100%;overflow:auto;\" data-widget-id=\"299043\" data-website=\"1\"><\/div><script src=\"https:\/\/widget.tagembed.com\/embed.min.js\" type=\"text\/javascript\"><\/script>\t\t<\/div>\n\t\t\t\t<\/div>\n\t\t<\/div><div class=\"elementor-element elementor-element-47498f3 e-container--column e-container\" data-id=\"47498f3\" data-element_type=\"container\">\t\t<\/div>\t\t\t\t\t<\/div>\n\t\t","protected":false},"excerpt":{"rendered":"<p>Peter Taboada Chile Peter Taboada es una empresa espa\u00f1ola especializada en el dise\u00f1o y fabricaci\u00f3n de sistemas de tratamiento y depuraci\u00f3n de agua para diferentes sectores: mar\u00edtimo, industrial, alimentario, sanitario, farmac\u00e9utico, hotelero, residencial,\u2026Desde nuestros inicios en 1979, hemos experimentado un<\/p>\n","protected":false},"author":1,"featured_media":0,"parent":0,"menu_order":0,"comment_status":"open","ping_status":"closed","template":"elementor_header_footer","meta":{"footnotes":""},"class_list":["post-432","page","type-page","status-publish","hentry"],"yoast_head":"<!-- This site is optimized with the Yoast SEO plugin v25.8 - https:\/\/yoast.com\/wordpress\/plugins\/seo\/ -->\n<title>Inicio -<\/title>\n<meta name=\"robots\" content=\"index, follow, max-snippet:-1, max-image-preview:large, max-video-preview:-1\" \/>\n<link rel=\"canonical\" href=\"https:\/\/petertaboada.cl\/\" \/>\n<meta property=\"og:locale\" content=\"es_ES\" \/>\n<meta property=\"og:type\" content=\"article\" \/>\n<meta property=\"og:title\" content=\"Inicio -\" \/>\n<meta property=\"og:description\" content=\"Peter Taboada Chile Peter Taboada es una empresa espa\u00f1ola especializada en el dise\u00f1o y fabricaci\u00f3n de sistemas de tratamiento y depuraci\u00f3n de agua para diferentes sectores: mar\u00edtimo, industrial, alimentario, sanitario, farmac\u00e9utico, hotelero, residencial,\u2026Desde nuestros inicios en 1979, hemos experimentado un\" \/>\n<meta property=\"og:url\" content=\"https:\/\/petertaboada.cl\/\" \/>\n<meta property=\"article:modified_time\" content=\"2025-09-03T20:43:23+00:00\" \/>\n<meta property=\"og:image\" content=\"https:\/\/petertaboada.cl\/wp-content\/uploads\/2022\/09\/patents-peter-taboada-water-technologies.jpg\" \/>\n<meta name=\"twitter:card\" content=\"summary_large_image\" \/>\n<meta name=\"twitter:label1\" content=\"Tiempo estimado de lectura\" \/>\n\t<meta name=\"twitter:data1\" content=\"4 minutos\" \/>\n<script type=\"application\/ld+json\" class=\"yoast-schema-graph\">{\"@context\":\"https:\/\/schema.org\",\"@graph\":[{\"@type\":\"WebPage\",\"@id\":\"https:\/\/petertaboada.cl\/\",\"url\":\"https:\/\/petertaboada.cl\/\",\"name\":\"Inicio -\",\"isPartOf\":{\"@id\":\"https:\/\/petertaboada.cl\/#website\"},\"primaryImageOfPage\":{\"@id\":\"https:\/\/petertaboada.cl\/#primaryimage\"},\"image\":{\"@id\":\"https:\/\/petertaboada.cl\/#primaryimage\"},\"thumbnailUrl\":\"https:\/\/petertaboada.cl\/wp-content\/uploads\/2022\/09\/patents-peter-taboada-water-technologies.jpg\",\"datePublished\":\"2014-03-17T10:58:39+00:00\",\"dateModified\":\"2025-09-03T20:43:23+00:00\",\"breadcrumb\":{\"@id\":\"https:\/\/petertaboada.cl\/#breadcrumb\"},\"inLanguage\":\"es-CL\",\"potentialAction\":[{\"@type\":\"ReadAction\",\"target\":[\"https:\/\/petertaboada.cl\/\"]}]},{\"@type\":\"ImageObject\",\"inLanguage\":\"es-CL\",\"@id\":\"https:\/\/petertaboada.cl\/#primaryimage\",\"url\":\"https:\/\/petertaboada.cl\/wp-content\/uploads\/2022\/09\/patents-peter-taboada-water-technologies.jpg\",\"contentUrl\":\"https:\/\/petertaboada.cl\/wp-content\/uploads\/2022\/09\/patents-peter-taboada-water-technologies.jpg\",\"width\":255,\"height\":233},{\"@type\":\"BreadcrumbList\",\"@id\":\"https:\/\/petertaboada.cl\/#breadcrumb\",\"itemListElement\":[{\"@type\":\"ListItem\",\"position\":1,\"name\":\"Portada\",\"item\":\"https:\/\/petertaboada.cl\/\"},{\"@type\":\"ListItem\",\"position\":2,\"name\":\"Inicio\"}]},{\"@type\":\"WebSite\",\"@id\":\"https:\/\/petertaboada.cl\/#website\",\"url\":\"https:\/\/petertaboada.cl\/\",\"name\":\"\",\"description\":\"\",\"potentialAction\":[{\"@type\":\"SearchAction\",\"target\":{\"@type\":\"EntryPoint\",\"urlTemplate\":\"https:\/\/petertaboada.cl\/?s={search_term_string}\"},\"query-input\":{\"@type\":\"PropertyValueSpecification\",\"valueRequired\":true,\"valueName\":\"search_term_string\"}}],\"inLanguage\":\"es-CL\"}]}<\/script>\n<!-- \/ Yoast SEO plugin. -->","yoast_head_json":{"title":"Inicio -","robots":{"index":"index","follow":"follow","max-snippet":"max-snippet:-1","max-image-preview":"max-image-preview:large","max-video-preview":"max-video-preview:-1"},"canonical":"https:\/\/petertaboada.cl\/","og_locale":"es_ES","og_type":"article","og_title":"Inicio -","og_description":"Peter Taboada Chile Peter Taboada es una empresa espa\u00f1ola especializada en el dise\u00f1o y fabricaci\u00f3n de sistemas de tratamiento y depuraci\u00f3n de agua para diferentes sectores: mar\u00edtimo, industrial, alimentario, sanitario, farmac\u00e9utico, hotelero, residencial,\u2026Desde nuestros inicios en 1979, hemos experimentado un","og_url":"https:\/\/petertaboada.cl\/","article_modified_time":"2025-09-03T20:43:23+00:00","og_image":[{"url":"https:\/\/petertaboada.cl\/wp-content\/uploads\/2022\/09\/patents-peter-taboada-water-technologies.jpg","type":"","width":"","height":""}],"twitter_card":"summary_large_image","twitter_misc":{"Tiempo estimado de lectura":"4 minutos"},"schema":{"@context":"https:\/\/schema.org","@graph":[{"@type":"WebPage","@id":"https:\/\/petertaboada.cl\/","url":"https:\/\/petertaboada.cl\/","name":"Inicio -","isPartOf":{"@id":"https:\/\/petertaboada.cl\/#website"},"primaryImageOfPage":{"@id":"https:\/\/petertaboada.cl\/#primaryimage"},"image":{"@id":"https:\/\/petertaboada.cl\/#primaryimage"},"thumbnailUrl":"https:\/\/petertaboada.cl\/wp-content\/uploads\/2022\/09\/patents-peter-taboada-water-technologies.jpg","datePublished":"2014-03-17T10:58:39+00:00","dateModified":"2025-09-03T20:43:23+00:00","breadcrumb":{"@id":"https:\/\/petertaboada.cl\/#breadcrumb"},"inLanguage":"es-CL","potentialAction":[{"@type":"ReadAction","target":["https:\/\/petertaboada.cl\/"]}]},{"@type":"ImageObject","inLanguage":"es-CL","@id":"https:\/\/petertaboada.cl\/#primaryimage","url":"https:\/\/petertaboada.cl\/wp-content\/uploads\/2022\/09\/patents-peter-taboada-water-technologies.jpg","contentUrl":"https:\/\/petertaboada.cl\/wp-content\/uploads\/2022\/09\/patents-peter-taboada-water-technologies.jpg","width":255,"height":233},{"@type":"BreadcrumbList","@id":"https:\/\/petertaboada.cl\/#breadcrumb","itemListElement":[{"@type":"ListItem","position":1,"name":"Portada","item":"https:\/\/petertaboada.cl\/"},{"@type":"ListItem","position":2,"name":"Inicio"}]},{"@type":"WebSite","@id":"https:\/\/petertaboada.cl\/#website","url":"https:\/\/petertaboada.cl\/","name":"","description":"","potentialAction":[{"@type":"SearchAction","target":{"@type":"EntryPoint","urlTemplate":"https:\/\/petertaboada.cl\/?s={search_term_string}"},"query-input":{"@type":"PropertyValueSpecification","valueRequired":true,"valueName":"search_term_string"}}],"inLanguage":"es-CL"}]}},"_links":{"self":[{"href":"https:\/\/petertaboada.cl\/index.php\/wp-json\/wp\/v2\/pages\/432","targetHints":{"allow":["GET"]}}],"collection":[{"href":"https:\/\/petertaboada.cl\/index.php\/wp-json\/wp\/v2\/pages"}],"about":[{"href":"https:\/\/petertaboada.cl\/index.php\/wp-json\/wp\/v2\/types\/page"}],"author":[{"embeddable":true,"href":"https:\/\/petertaboada.cl\/index.php\/wp-json\/wp\/v2\/users\/1"}],"replies":[{"embeddable":true,"href":"https:\/\/petertaboada.cl\/index.php\/wp-json\/wp\/v2\/comments?post=432"}],"version-history":[{"count":32,"href":"https:\/\/petertaboada.cl\/index.php\/wp-json\/wp\/v2\/pages\/432\/revisions"}],"predecessor-version":[{"id":738,"href":"https:\/\/petertaboada.cl\/index.php\/wp-json\/wp\/v2\/pages\/432\/revisions\/738"}],"wp:attachment":[{"href":"https:\/\/petertaboada.cl\/index.php\/wp-json\/wp\/v2\/media?parent=432"}],"curies":[{"name":"wp","href":"https:\/\/api.w.org\/{rel}","templated":true}]}}